{"id":24,"date":"2023-09-17T21:31:02","date_gmt":"2023-09-17T19:31:02","guid":{"rendered":"http:\/\/le-fil-dariane.com\/?page_id=24"},"modified":"2025-04-13T19:12:48","modified_gmt":"2025-04-13T17:12:48","slug":"qui-suis-je","status":"publish","type":"page","link":"https:\/\/le-fil-dariane.com\/","title":{"rendered":"Qui suis-je ?"},"content":{"rendered":"\n<h2 class=\"wp-block-heading\"><strong>Nathalie VIDAL-DESVERGNES<\/strong><\/h2>\n\n\n\n<p>Psycho-sexoth\u00e9rapeute, Gestalt-th\u00e9rapeuthe certifi\u00e9e de l\u2019IFPSA (2013)  <\/p>\n\n\n\n<p>Chamane (Formation L\u2019arbre bleu france 2020)                                             <\/p>\n\n\n\n<p>Coach mental <\/p>\n\n\n\n<p><\/p>\n\n\n\n<p>Je suis th\u00e9rapeute en psycho-corporel et spirituel, sp\u00e9cialis\u00e9e en sexualit\u00e9 &amp; coaching<br>mental.<br>Apr\u00e8s 20 ann\u00e9es d\u2019exercice professionnel dans le sport et l\u2019\u00e9ducation physique, j\u2019ai d\u00e9cid\u00e9 de parfaire mes connaissances en abordant le domaine de la psychologie.<br>J\u2019ai fait une psycho-sexoth\u00e9rapie. Puis s\u00e9duite par cette approche, j\u2019ai int\u00e9gr\u00e9 l\u2019Institut francophone de psycho-sexoanalyse (IFPSA) pour 3 ann\u00e9es de formation. J\u2019ai exerc\u00e9 durant une dizaine d\u2019ann\u00e9es.<br>Puis mon parcours de vie m\u2019a fait traverser la maladie qui m\u2019a priv\u00e9 de mes fonctions motrices. J\u2019ai en effet connu la t\u00e9trapl\u00e9gie en conscience sans moyen de communication, qui est une forme aigu\u00eb du syndrome de Guillain Barr\u00e9. Cela m\u2019a immobilis\u00e9 de nombreux mois en service de r\u00e9animation o\u00f9 je suis rest\u00e9e malgr\u00e9 tout lucide pendant tout ce temps. Ayant r\u00e9cup\u00e9r\u00e9 mon autonomie respiratoire, j\u2019ai pu rejoindre un service de soins de<br>suite neurologique avant d\u2019int\u00e9grer un centre de r\u00e9\u00e9ducation motrice.<br>Au bout de 10 mois d\u2019hospitalisation, j\u2019ai retrouv\u00e9 une autonomie suffisante pour continuer ma r\u00e9\u00e9ducation \u00e0 la maison.<br>Lors de la phase critique du syndrome de Guillain Barr\u00e9, j\u2019ai fait une Exp\u00e9rience de Mort Imminente (EMI) ainsi qu\u2019une exp\u00e9rience de sortie de corps durant laquelle j\u2019ai ressenti l\u2019Amour Inconditionnel.<br>La dimension spirituelle est ainsi entr\u00e9e dans mon existence. Durant ma tr\u00e8s longue r\u00e9\u00e9ducation, je me suis form\u00e9e aux approches des mondes subtils et j\u2019ai perfectionn\u00e9 cette<br>formation en int\u00e9grant les protocoles de gu\u00e9risons chamaniques. Ainsi, ces protocoles me permettent d&#8217;avoir des intuitions qui me sont utiles et viennent compl\u00e9ter mon suivi psycho-th\u00e9rapeutique. J&#8217;en fait l&#8217;usage uniquement lorsque c&#8217;est appropri\u00e9 et en demandant au pr\u00e9alable l&#8217;accord du patient.<\/p>\n","protected":false},"excerpt":{"rendered":"<p>Nathalie VIDAL-DESVERGNES Psycho-sexoth\u00e9rapeute, Gestalt-th\u00e9rapeuthe certifi\u00e9e de l\u2019IFPSA (2013) Chamane (Formation L\u2019arbre bleu france 2020) Coach mental Je suis th\u00e9rapeute en psycho-corporel et spirituel, sp\u00e9cialis\u00e9e en sexualit\u00e9 &amp; coachingmental.Apr\u00e8s 20 ann\u00e9es d\u2019exercice professionnel dans le sport et l\u2019\u00e9ducation physique, j\u2019ai d\u00e9cid\u00e9 de parfaire mes connaissances en abordant le domaine de la psychologie.J\u2019ai fait une psycho-sexoth\u00e9rapie. Puis &hellip; <\/p>\n<p class=\"link-more\"><a href=\"https:\/\/le-fil-dariane.com\/\" class=\"more-link\">Continue reading<span class=\"screen-reader-text\"> &#8220;Qui suis-je ?&#8221;<\/span><\/a><\/p>\n","protected":false},"author":1,"featured_media":0,"parent":0,"menu_order":0,"comment_status":"closed","ping_status":"closed","template":"","meta":{"footnotes":""},"class_list":["post-24","page","type-page","status-publish","hentry"],"_links":{"self":[{"href":"https:\/\/le-fil-dariane.com\/index.php\/wp-json\/wp\/v2\/pages\/24","targetHints":{"allow":["GET"]}}],"collection":[{"href":"https:\/\/le-fil-dariane.com\/index.php\/wp-json\/wp\/v2\/pages"}],"about":[{"href":"https:\/\/le-fil-dariane.com\/index.php\/wp-json\/wp\/v2\/types\/page"}],"author":[{"embeddable":true,"href":"https:\/\/le-fil-dariane.com\/index.php\/wp-json\/wp\/v2\/users\/1"}],"replies":[{"embeddable":true,"href":"https:\/\/le-fil-dariane.com\/index.php\/wp-json\/wp\/v2\/comments?post=24"}],"version-history":[{"count":7,"href":"https:\/\/le-fil-dariane.com\/index.php\/wp-json\/wp\/v2\/pages\/24\/revisions"}],"predecessor-version":[{"id":164,"href":"https:\/\/le-fil-dariane.com\/index.php\/wp-json\/wp\/v2\/pages\/24\/revisions\/164"}],"wp:attachment":[{"href":"https:\/\/le-fil-dariane.com\/index.php\/wp-json\/wp\/v2\/media?parent=24"}],"curies":[{"name":"wp","href":"https:\/\/api.w.org\/{rel}","templated":true}]}}