{"id":60,"date":"2023-09-17T22:34:58","date_gmt":"2023-09-17T20:34:58","guid":{"rendered":"https:\/\/le-fil-dariane.com\/?page_id=60"},"modified":"2023-09-27T12:16:09","modified_gmt":"2023-09-27T10:16:09","slug":"deontologie","status":"publish","type":"page","link":"https:\/\/le-fil-dariane.com\/index.php\/deontologie\/","title":{"rendered":"D\u00e9ontologie en psycho-sexoth\u00e9rapie"},"content":{"rendered":"\n<p><strong>Le psycho-sexoth\u00e9rapeute se doit de respecter une \u00e9thique et des r\u00e8gles de d\u00e9ontologie dont voici les points essentiels:<\/strong><\/p>\n\n\n\n<ul class=\"wp-block-list\">\n<li>Il doit avoir suivi une formation th\u00e9orique et pratique approfondie apte \u00e0 cr\u00e9er une v\u00e9ritable comp\u00e9tence.<\/li>\n\n\n\n<li>Il doit \u00eatre lui m\u00eame pass\u00e9 par un long processus de travail personnel en psychoth\u00e9rapie ou psychanalyse.<\/li>\n\n\n\n<li>Il s&#8217;abstient de tout geste ou activit\u00e9 \u00e0 caract\u00e8re sexuel ou \u00e9rotique avec les personnes dont il a la charge.<\/li>\n\n\n\n<li>N&#8217;\u00e9tant pas m\u00e9decin, le psycho-s\u00e9xoth\u00e9rapeute s&#8217;interdit de pratiquer quelque examen que ce soit sur son patient. Pour ce faire, il doit l&#8217;adresser \u00e0 un m\u00e9decin.<\/li>\n\n\n\n<li>Il respecte le secret professionnel en ne d\u00e9livrant aucun renseignement \u00e0 des tiers sans l&#8217;accord explicite de son client notamment dans les th\u00e9rapies de couple, \u00e0 l&#8217;exception des cas ou la loi ou un jugement l&#8217;y oblige.<\/li>\n\n\n\n<li>En acceptant la&nbsp;prise en charge d&#8217;un client, le psycho-sexoth\u00e9rapeute doit tenir compte des limites de sa comp\u00e9tence et des moyens dont il dispose dans l&#8217;int\u00e9r\u00eat de celui-ci.<\/li>\n\n\n\n<li>Il doit notamment lui signifier si le probl\u00e8me ne rel\u00e8ve pas de sa comp\u00e9tence apr\u00e8s les s\u00e9ances d&#8217;\u00e9valuation ou au cours de la th\u00e9rapie si cela se r\u00e9v\u00e9lait \u00eatre le cas.<\/li>\n\n\n\n<li>Le psycho-sexoth\u00e9rapeute doit faire tout ce qui est en son pouvoir pour \u00e9tablir une relation de confiance entre son client et lui. Il doit respecter les valeurs et convictions de celui-ci. Il doit s&#8217;engager \u00e0 amener son client ou le couple vers l&#8217;autonomie et l&#8217;atteinte des objectifs de la th\u00e9rapie le plus rapidement possible.<\/li>\n<\/ul>\n","protected":false},"excerpt":{"rendered":"<p>Le psycho-sexoth\u00e9rapeute se doit de respecter une \u00e9thique et des r\u00e8gles de d\u00e9ontologie dont voici les points essentiels:<\/p>\n","protected":false},"author":1,"featured_media":0,"parent":0,"menu_order":0,"comment_status":"closed","ping_status":"closed","template":"","meta":{"footnotes":""},"class_list":["post-60","page","type-page","status-publish","hentry"],"_links":{"self":[{"href":"https:\/\/le-fil-dariane.com\/index.php\/wp-json\/wp\/v2\/pages\/60","targetHints":{"allow":["GET"]}}],"collection":[{"href":"https:\/\/le-fil-dariane.com\/index.php\/wp-json\/wp\/v2\/pages"}],"about":[{"href":"https:\/\/le-fil-dariane.com\/index.php\/wp-json\/wp\/v2\/types\/page"}],"author":[{"embeddable":true,"href":"https:\/\/le-fil-dariane.com\/index.php\/wp-json\/wp\/v2\/users\/1"}],"replies":[{"embeddable":true,"href":"https:\/\/le-fil-dariane.com\/index.php\/wp-json\/wp\/v2\/comments?post=60"}],"version-history":[{"count":2,"href":"https:\/\/le-fil-dariane.com\/index.php\/wp-json\/wp\/v2\/pages\/60\/revisions"}],"predecessor-version":[{"id":108,"href":"https:\/\/le-fil-dariane.com\/index.php\/wp-json\/wp\/v2\/pages\/60\/revisions\/108"}],"wp:attachment":[{"href":"https:\/\/le-fil-dariane.com\/index.php\/wp-json\/wp\/v2\/media?parent=60"}],"curies":[{"name":"wp","href":"https:\/\/api.w.org\/{rel}","templated":true}]}}