{"id":99,"date":"2023-09-17T23:09:25","date_gmt":"2023-09-17T21:09:25","guid":{"rendered":"https:\/\/le-fil-dariane.com\/?page_id=99"},"modified":"2025-04-13T18:52:08","modified_gmt":"2025-04-13T16:52:08","slug":"coaching-mental","status":"publish","type":"page","link":"https:\/\/le-fil-dariane.com\/index.php\/coaching-mental\/","title":{"rendered":"Coaching mental sportif &#038; performance"},"content":{"rendered":"\n<p><br>Durant plus de vingt ann\u00e9es, j&#8217;ai pratiqu\u00e9 le sport en comp\u00e9tition de mani\u00e8re intensive (titre de championne de France universitaire de Boxe fran\u00e7aise Savate 1991). J\u2019ai \u00e9galement fait des \u00e9tudes universitaires de sciences et techniques de l\u2019\u00e9ducation physique et sportive (licence STAPS).<\/p>\n\n\n\n<p>Ces ann\u00e9es ont forg\u00e9 chez moi un mental qui m&#8217;a \u00e9t\u00e9 salutaire lorsqu&#8217;il a fallu surmonter certaines \u00e9preuves de la vie telle que la maladie car j&#8217;ai r\u00e9ussi \u00e0 retrouver une vie presque normale.<\/p>\n\n\n\n<p>J\u2019accompagne \u00e9galement en coaching mental les sportifs d\u00e9sireux de performer.<\/p>\n\n\n\n<p><br>Le coaching mental est \u00e9galement appropri\u00e9 pour des pr\u00e9parations \u00e0 des entretiens<br>professionnels, \u00e0 des examens ou \u00e0 des concours.<\/p>\n\n\n\n<p><\/p>\n","protected":false},"excerpt":{"rendered":"<p>Durant plus de vingt ann\u00e9es, j&#8217;ai pratiqu\u00e9 le sport en comp\u00e9tition de mani\u00e8re intensive (titre de championne de France universitaire de Boxe fran\u00e7aise Savate 1991). J\u2019ai \u00e9galement fait des \u00e9tudes universitaires de sciences et techniques de l\u2019\u00e9ducation physique et sportive (licence STAPS). Ces ann\u00e9es ont forg\u00e9 chez moi un mental qui m&#8217;a \u00e9t\u00e9 salutaire lorsqu&#8217;il &hellip; <\/p>\n<p class=\"link-more\"><a href=\"https:\/\/le-fil-dariane.com\/index.php\/coaching-mental\/\" class=\"more-link\">Continue reading<span class=\"screen-reader-text\"> &#8220;Coaching mental sportif &#038; performance&#8221;<\/span><\/a><\/p>\n","protected":false},"author":1,"featured_media":0,"parent":0,"menu_order":0,"comment_status":"closed","ping_status":"closed","template":"","meta":{"footnotes":""},"class_list":["post-99","page","type-page","status-publish","hentry"],"_links":{"self":[{"href":"https:\/\/le-fil-dariane.com\/index.php\/wp-json\/wp\/v2\/pages\/99","targetHints":{"allow":["GET"]}}],"collection":[{"href":"https:\/\/le-fil-dariane.com\/index.php\/wp-json\/wp\/v2\/pages"}],"about":[{"href":"https:\/\/le-fil-dariane.com\/index.php\/wp-json\/wp\/v2\/types\/page"}],"author":[{"embeddable":true,"href":"https:\/\/le-fil-dariane.com\/index.php\/wp-json\/wp\/v2\/users\/1"}],"replies":[{"embeddable":true,"href":"https:\/\/le-fil-dariane.com\/index.php\/wp-json\/wp\/v2\/comments?post=99"}],"version-history":[{"count":4,"href":"https:\/\/le-fil-dariane.com\/index.php\/wp-json\/wp\/v2\/pages\/99\/revisions"}],"predecessor-version":[{"id":162,"href":"https:\/\/le-fil-dariane.com\/index.php\/wp-json\/wp\/v2\/pages\/99\/revisions\/162"}],"wp:attachment":[{"href":"https:\/\/le-fil-dariane.com\/index.php\/wp-json\/wp\/v2\/media?parent=99"}],"curies":[{"name":"wp","href":"https:\/\/api.w.org\/{rel}","templated":true}]}}